{"id":2390,"date":"2018-11-17T12:06:50","date_gmt":"2018-11-17T11:06:50","guid":{"rendered":"https:\/\/www.cabochon1987.com\/privacy-policy\/"},"modified":"2020-02-04T02:01:00","modified_gmt":"2020-02-04T01:01:00","slug":"privacy-policy","status":"publish","type":"page","link":"https:\/\/www.cabochon1987.com\/en\/privacy-policy\/","title":{"rendered":"Privacy Policy"},"content":{"rendered":"<div class=\"wpb-content-wrapper\"><p>[vc_row][vc_column][vc_column_text]<\/p>\n<h2>INFORMATIVA PRIVACY AI SENSI DEL REGOLAMENTO UE N. 2016\/679<\/h2>\n<p>La informiamo che i dati personali (nel prosieguo, i \u201cDati\u201d) da Lei forniti a <strong>SOCIETA\u2019 AGRICOLA MONTE ROSSA S.R.L.<\/strong>, con sede in via MONTEROSSA, n. 1 &#8211; CAZZAGO SAN MARTINO (BS), C.F. 0145711017, P.Iva : 00627720980 (in seguito, \u201cTitolare\u201d), in qualit\u00e0 di <strong>TITOLARE DEL TRATTAMENTO<\/strong>, ai sensi dell\u2019art. 13 Regolamento UE n. 2016\/679 (in seguito, \u201cGDPR\u201d) che i Suoi dati saranno trattati con le modalit\u00e0 e per le finalit\u00e0 seguenti:<\/p>\n<ol>\n<li><strong> Oggetto del trattamento<\/strong><\/li>\n<\/ol>\n<p>Il Titolare tratta i dati personali, identificativi e non sensibili (in particolare, nome, cognome, codice fiscale, p. iva, email, numero telefonico \u2013 in seguito, \u201cdati personali\u201d o anche \u201cdati\u201d) da Te comunicati in fase di contrattazione delle condizioni di offerta volte alla valutazione del contratto di vendita di beni\/servizi\/lavorazioni  del Titolare e\/o all&#8217;atto dell\u2019iscrizione al servizio di newsletter offerto dal Titolare.<\/p>\n<ol start=\"2\">\n<li><strong> Finalit\u00e0 del trattamento<\/strong><\/li>\n<\/ol>\n<p>I dati personali da Lei forniti verranno utilizzati per le seguenti finalit\u00e0:<\/p>\n<ul>\n<li>a) ottemperare ad adempimenti di legge a nostro carico riguardanti l\u2019attivit\u00e0 di amministrazione, gestione e logistica dei prodotto che desidera acquistare \/del servizio di cui ha richiesto l\u2019 erogazione;<\/li>\n<li>b) espletare i servizi richiesti, consentire un\u2019efficace gestione dei rapporti con i clienti al fine di rispondere alle richieste di informazione, assistenza, suggerimenti e\/o esigenze specifiche da Lei segnalate;<\/li>\n<li>c) inviare comunicazioni inerente i servizi offerti, newsletter e news personalizzate, contenenti materiale e iniziative promozionali di proprie attivit\u00e0 e servizi (ad es. inviti a corsi di formazione, eventi, seminari, conferenze, ecc.) con modalit\u00e0 tradizionali (telefonate con operatore) oppure con modalit\u00e0 automatizzate (posta elettronica), <strong>previo suo consenso;<\/strong><\/li>\n<\/ul>\n<p>I Suoi dati personali sono trattati: a) e b) <strong>senza il Suo consenso espresso<\/strong> (art. 6 lett. b, e GDPR), nell\u2019 ottica del legittimazione contrattuale.<\/p>\n<ol start=\"3\">\n<li><strong> Modalit\u00e0 del trattamento<\/strong><\/li>\n<\/ol>\n<p>Il trattamento sar\u00e0 svolto in forma automatizzata e\/o manuale, con modalit\u00e0 e strumenti, nel rispetto delle misure di sicurezza di cui all\u2019art. 32 del GDPR 2016\/679, ad opera di soggetti appositamente incaricati, in ottemperanza a quanto previsto dagli art. 29 GDPR 2016\/679. Saranno impiegate le misure di sicurezza atte a garantire la riservatezza del soggetto interessato cui tali dati si riferiscono e ad evitare l\u2019indebito accesso a soggetti terzi o a personale non autorizzato.<u>Il Titolare tratter\u00e0 i dati personali per il tempo necessario per adempiere alle finalit\u00e0 di cui sopra, alle richieste delle normative fiscali e civilistiche comunque  non oltre 10 anni dall\u2019 instaurazione del rapporto per le Finalit\u00e0 di Trattamento e  non oltre 2 anni dalla raccolta dei dati per le Finalit\u00e0 di Marketing\/Offerte su richiesta.<\/u><\/p>\n<ol start=\"4\">\n<li><strong> Accesso ai dati<\/strong><\/li>\n<\/ol>\n<p>I Suoi dati potranno essere resi accessibili per le finalit\u00e0 di cui all\u2019art. 2.A):<br \/>\n&#8211; a dipendenti e collaboratori del Titolare, nella loro qualit\u00e0 di incaricati e\/o responsabili interni del trattamento e\/o amministratori di sistema;<\/p>\n<p>&#8211; a terzi soggetti (ad esempio, provider per la gestione e manutenzione del sito web, fornitori, istituti di credito, studi professionali, etc) che svolgono attivit\u00e0 in outsourcing per conto del Titolare, nella loro qualit\u00e0 di responsabili esterni del trattamento.<\/p>\n<ol start=\"5\">\n<li><strong> Comunicazione dei dati<\/strong><\/li>\n<\/ol>\n<p>Senza Suo espresso consenso (art. 6 lett. b) e c) GDPR), il Titolare potr\u00e0 comunicare i Suoi dati per le finalit\u00e0 di cui all\u2019art. 2.A) a Organismi di vigilanza, Autorit\u00e0 giudiziarie nonch\u00e9 a tutti gli altri soggetti ai quali la comunicazione sia obbligatoria per legge per l\u2019espletamento delle finalit\u00e0 dette. I Suoi dati non saranno diffusi.<\/p>\n<ol start=\"6\">\n<li><strong> Trasferimento dati <\/strong><\/li>\n<\/ol>\n<p>La gestione e la conservazione dei dati personali avverr\u00e0 su server ubicati all\u2019interno dell\u2019Unione Europea del Titolare e\/o di societ\u00e0 terze incaricate e debitamente nominate quali Responsabili del trattamento. Attualmente i server sono situati in Italia. I dati non saranno oggetto di trasferimento al di fuori dell\u2019Unione Europea. Resta in ogni caso inteso che il Titolare, ove si rendesse necessario, avr\u00e0 facolt\u00e0 di spostare l\u2019ubicazione dei server in Italia e\/o Unione Europea e\/o Paesi extra-UE. In tal caso, il Titolare assicura sin d\u2019ora che il trasferimento dei dati extra-UE avverr\u00e0 in conformit\u00e0 alle disposizioni di legge applicabili stipulando, se necessario, accordi che garantiscano un livello di protezione adeguato e\/o adottando le clausole contrattuali standard previste dalla Commissione Europea.<\/p>\n<ol start=\"7\">\n<li><strong> Natura del conferimento dei dati e conseguenze del rifiuto di rispondere<\/strong><\/li>\n<\/ol>\n<p><strong>Il conferimento dei dati per le finalit\u00e0 di cui all\u2019art. 2.a) e 2.b) \u00e8 obbligatorio. In loro assenza, non potremo garantirti la fornitura dei prodotti o dei servizi richiesti<\/strong><strong> <\/strong><\/p>\n<ol start=\"8\">\n<li><strong> Diritti dell\u2019interessato <\/strong><\/li>\n<\/ol>\n<p>Nella Sua qualit\u00e0 di interessato, hai i diritti di cui all\u2019art. 7 Codice Privacy e art. 15 GDPR e precisamente i diritti di:<\/p>\n<ol>\n<li>i<u>. ottenere la conferma dell&#8217;esistenza o meno di dati personali che La riguardano<\/u>, anche se non ancora registrati, e la loro comunicazione in forma intelligibile;<\/li>\n<li><u>ottenere l&#8217;indicazione: a) dell&#8217;origine dei dati personali<\/u>; <u>b) delle finalit\u00e0 e modalit\u00e0 del trattamento<\/u>; <u>c) della logica applicata in caso di trattamento effettuato con l&#8217;ausilio di strumenti elettronici;) degli estremi identificativi del titolare, dei responsabili e del rappresentante designato ai sensi dell&#8217;art. 3, comma 1, GDPR<\/u>; <u>e) dei soggetti o delle categorie di soggetti ai quali i dati personali possono essere comunicati<\/u> o che possono venirne a conoscenza in qualit\u00e0 di rappresentante designato nel territorio dello Stato, di responsabili o incaricati;<br \/>\niii. <u>ottenere: a) l&#8217;aggiornamento, la rettifica ovvero, quando vi ha interesse, l&#8217;integrazione dei dati<\/u>; <strong><u>b) la cancellazione, la trasformazione in forma anonima o il blocco <\/u><\/strong>dei dati trattati in violazione di legge, compresi quelli di cui non \u00e8 necessaria la conservazione in relazione agli scopi per i quali i dati sono stati raccolti o successivamente trattati; c) l&#8217;attestazione che le operazioni di cui alle lettere a) e b) sono state portate a conoscenza, anche per quanto riguarda il loro contenuto, di coloro ai quali i dati sono stati comunicati o diffusi, eccettuato il caso in cui tale adempimento si rivela impossibile o comporta un impiego di mezzi manifestamente sproporzionato rispetto al diritto tutelato;<\/li>\n<li><u>opporsi<\/u>, in tutto o in parte: a) per motivi legittimi al trattamento dei dati personali che La riguardano, ancorch\u00e9 pertinenti allo scopo della raccolta; b) al trattamento di dati personali che La riguardano a fini di invio di materiale pubblicitario o di vendita diretta o per il compimento di ricerche di mercato o di comunicazione commerciale, mediante l\u2019uso di sistemi automatizzati di chiamata senza l\u2019intervento di un operatore mediante email e\/o mediante modalit\u00e0 di marketing tradizionali mediante telefono e\/o posta cartacea. Si fa presente che il diritto di opposizione dell\u2019interessato, esposto al precedente punto b), per finalit\u00e0 di marketing diretto mediante modalit\u00e0 automatizzate si estende a quelle tradizionali e che comunque resta salva la possibilit\u00e0 per l\u2019interessato di esercitare il diritto di opposizione anche solo in parte. Pertanto, l\u2019interessato pu\u00f2 decidere di ricevere solo comunicazioni mediante modalit\u00e0 tradizionali ovvero solo comunicazioni automatizzate oppure nessuna delle due tipologie di comunicazione.<\/li>\n<\/ol>\n<p>Ove applicabili, ha altres\u00ec i diritti di cui agli artt. 16-21 GDPR (Diritto di rettifica, diritto all\u2019oblio, diritto di limitazione di trattamento, diritto alla portabilit\u00e0 dei dati, diritto di opposizione), nonch\u00e9 il diritto di reclamo all\u2019Autorit\u00e0 Garante.<\/p>\n<ol start=\"9\">\n<li><strong> Modalit\u00e0 di esercizio dei diritti<\/strong><\/li>\n<\/ol>\n<p>Potrai in qualsiasi momento esercitare i diritti inviando:<\/p>\n<p>&#8211; una raccomandata a.r. a SOCIETA\u2019 AGRICOLA MONTE ROSSA S.R.L., con sede in via MONTE ROSSA, n. 1R &#8211; CAZZAGO SAN MARTINO (BS), C.F. 01457110177 P.Iva:00627720980<\/p>\n<p>&#8211; una e-mail all\u2019indirizzo <a href=\"mailto:info@monterossa.com;\">info@monterossa.com;<\/a><\/p>\n<p>Resta inteso che, laddove la richiesta di accesso sia presentata mediante mezzi elettronici, le informazioni saranno fornite in un formato elettronico di uso comune.<\/p>\n<ol start=\"10\">\n<li><strong> Minori<\/strong><\/li>\n<\/ol>\n<p>Questo Sito e i Servizi del Titolare non sono destinati a minori di 16 anni e il Titolare non raccoglie intenzionalmente informazioni personali riferite ai minori. Nel caso in cui informazioni su minori fossero involontariamente registrate, il Titolare le canceller\u00e0 in modo tempestivo, su richiesta degli utenti.<strong> <\/strong><\/p>\n<ol start=\"11\">\n<li><strong> Titolare, responsabile e incaricati<\/strong><\/li>\n<\/ol>\n<p>Il <strong>TITOLARE DEL TRATTAMENTO<\/strong> \u00e8 SOCIETA\u2019 AGRICOLA MONTE ROSSA S.R.L., con sede in via MONTEROSSA, n. 1R &#8211; CAZZAGO SAN MARTINO (BS), C.F. 01457110177 P.Iva:00627720980<\/p>\n<p>Il Titolare ha provveduto a designare per iscritto quali Incaricati del trattamento, ai sensi dell\u2019art. 30 del Codice Privacy, i dipendenti delle funzioni aziendali deputate al perseguimento delle finalit\u00e0 sopraindicate e a fornirgli adeguate istruzioni. I Dati potranno essere trattati da soggetti terzi, di cui la Titolare si avvale ai fini dell attivit\u00e0 contrattuale, di servizio o informativa, promozionale in essere. Tali soggetti opereranno in qualit\u00e0 di Titolari autonomi oppure saranno designati come Responsabili del trattamento, impartendo loro adeguate istruzioni operative.<\/p>\n<p>L\u2019elenco aggiornato dei responsabili e degli incaricati al trattamento \u00e8 custodito presso la sede legale del Titolare del trattamento.<strong> <\/strong>[\/vc_column_text][\/vc_column][\/vc_row]<\/p>\n<\/div>","protected":false},"excerpt":{"rendered":"<p>[vc_row][vc_column][vc_column_text] INFORMATIVA PRIVACY AI SENSI DEL REGOLAMENTO UE N. 2016\/679 La informiamo che i dati personali (nel prosieguo, i \u201cDati\u201d) da Lei forniti a SOCIETA\u2019 AGRICOLA MONTE ROSSA S.R.L., con sede in via MONTEROSSA, n. 1 &#8211; CAZZAGO SAN MARTINO (BS), C.F. 0145711017, P.Iva : 00627720980 (in seguito, \u201cTitolare\u201d), in qualit\u00e0 di TITOLARE DEL TRATTAMENTO,<br class=\"read-more-spacer\"> <a class=\"more-link\" href=\"https:\/\/www.cabochon1987.com\/en\/privacy-policy\/\">Read More<\/a><\/p>\n","protected":false},"author":1,"featured_media":0,"parent":0,"menu_order":97,"comment_status":"closed","ping_status":"closed","template":"","meta":{"_acf_changed":false,"footnotes":""},"class_list":["post-2390","page","type-page","status-publish","hentry"],"acf":[],"yoast_head":"<!-- This site is optimized with the Yoast SEO plugin v27.3 - https:\/\/yoast.com\/product\/yoast-seo-wordpress\/ -->\n<title>Privacy Policy - Cabochon Monte Rossa<\/title>\n<meta name=\"robots\" content=\"index, follow, max-snippet:-1, max-image-preview:large, max-video-preview:-1\" \/>\n<link rel=\"canonical\" href=\"https:\/\/www.cabochon1987.com\/en\/privacy-policy\/\" \/>\n<meta property=\"og:locale\" content=\"en_US\" \/>\n<meta property=\"og:type\" content=\"article\" \/>\n<meta property=\"og:title\" content=\"Privacy Policy - Cabochon Monte Rossa\" \/>\n<meta property=\"og:description\" content=\"[vc_row][vc_column][vc_column_text] INFORMATIVA PRIVACY AI SENSI DEL REGOLAMENTO UE N. 2016\/679 La informiamo che i dati personali (nel prosieguo, i \u201cDati\u201d) da Lei forniti a SOCIETA\u2019 AGRICOLA MONTE ROSSA S.R.L., con sede in via MONTEROSSA, n. 1 &#8211; CAZZAGO SAN MARTINO (BS), C.F. 0145711017, P.Iva : 00627720980 (in seguito, \u201cTitolare\u201d), in qualit\u00e0 di TITOLARE DEL TRATTAMENTO, Read More\" \/>\n<meta property=\"og:url\" content=\"https:\/\/www.cabochon1987.com\/en\/privacy-policy\/\" \/>\n<meta property=\"og:site_name\" content=\"Cabochon Monte Rossa\" \/>\n<meta property=\"article:publisher\" content=\"https:\/\/www.facebook.com\/Cabochon1987\/\" \/>\n<meta property=\"article:modified_time\" content=\"2020-02-04T01:01:00+00:00\" \/>\n<meta name=\"twitter:card\" content=\"summary_large_image\" \/>\n<meta name=\"twitter:label1\" content=\"Est. reading time\" \/>\n\t<meta name=\"twitter:data1\" content=\"7 minutes\" \/>\n<script type=\"application\/ld+json\" class=\"yoast-schema-graph\">{\"@context\":\"https:\\\/\\\/schema.org\",\"@graph\":[{\"@type\":\"WebPage\",\"@id\":\"https:\\\/\\\/www.cabochon1987.com\\\/en\\\/privacy-policy\\\/\",\"url\":\"https:\\\/\\\/www.cabochon1987.com\\\/en\\\/privacy-policy\\\/\",\"name\":\"Privacy Policy - Cabochon Monte Rossa\",\"isPartOf\":{\"@id\":\"https:\\\/\\\/www.cabochon1987.com\\\/#website\"},\"datePublished\":\"2018-11-17T11:06:50+00:00\",\"dateModified\":\"2020-02-04T01:01:00+00:00\",\"breadcrumb\":{\"@id\":\"https:\\\/\\\/www.cabochon1987.com\\\/en\\\/privacy-policy\\\/#breadcrumb\"},\"inLanguage\":\"en-US\",\"potentialAction\":[{\"@type\":\"ReadAction\",\"target\":[\"https:\\\/\\\/www.cabochon1987.com\\\/en\\\/privacy-policy\\\/\"]}]},{\"@type\":\"BreadcrumbList\",\"@id\":\"https:\\\/\\\/www.cabochon1987.com\\\/en\\\/privacy-policy\\\/#breadcrumb\",\"itemListElement\":[{\"@type\":\"ListItem\",\"position\":1,\"name\":\"Home\",\"item\":\"https:\\\/\\\/www.cabochon1987.com\\\/en\\\/\"},{\"@type\":\"ListItem\",\"position\":2,\"name\":\"Privacy Policy\"}]},{\"@type\":\"WebSite\",\"@id\":\"https:\\\/\\\/www.cabochon1987.com\\\/#website\",\"url\":\"https:\\\/\\\/www.cabochon1987.com\\\/\",\"name\":\"Cabochon Monte Rossa\",\"description\":\"\",\"publisher\":{\"@id\":\"https:\\\/\\\/www.cabochon1987.com\\\/#organization\"},\"potentialAction\":[{\"@type\":\"SearchAction\",\"target\":{\"@type\":\"EntryPoint\",\"urlTemplate\":\"https:\\\/\\\/www.cabochon1987.com\\\/?s={search_term_string}\"},\"query-input\":{\"@type\":\"PropertyValueSpecification\",\"valueRequired\":true,\"valueName\":\"search_term_string\"}}],\"inLanguage\":\"en-US\"},{\"@type\":\"Organization\",\"@id\":\"https:\\\/\\\/www.cabochon1987.com\\\/#organization\",\"name\":\"Cabochon Franciacorta\",\"url\":\"https:\\\/\\\/www.cabochon1987.com\\\/\",\"logo\":{\"@type\":\"ImageObject\",\"inLanguage\":\"en-US\",\"@id\":\"https:\\\/\\\/www.cabochon1987.com\\\/#\\\/schema\\\/logo\\\/image\\\/\",\"url\":\"https:\\\/\\\/www.cabochon1987.com\\\/wp-content\\\/uploads\\\/2019\\\/03\\\/logo-cabochon-franciacorta.png\",\"contentUrl\":\"https:\\\/\\\/www.cabochon1987.com\\\/wp-content\\\/uploads\\\/2019\\\/03\\\/logo-cabochon-franciacorta.png\",\"width\":498,\"height\":228,\"caption\":\"Cabochon Franciacorta\"},\"image\":{\"@id\":\"https:\\\/\\\/www.cabochon1987.com\\\/#\\\/schema\\\/logo\\\/image\\\/\"},\"sameAs\":[\"https:\\\/\\\/www.facebook.com\\\/Cabochon1987\\\/\",\"https:\\\/\\\/www.instagram.com\\\/cabochon1987\\\/\"]}]}<\/script>\n<!-- \/ Yoast SEO plugin. -->","yoast_head_json":{"title":"Privacy Policy - Cabochon Monte Rossa","robots":{"index":"index","follow":"follow","max-snippet":"max-snippet:-1","max-image-preview":"max-image-preview:large","max-video-preview":"max-video-preview:-1"},"canonical":"https:\/\/www.cabochon1987.com\/en\/privacy-policy\/","og_locale":"en_US","og_type":"article","og_title":"Privacy Policy - Cabochon Monte Rossa","og_description":"[vc_row][vc_column][vc_column_text] INFORMATIVA PRIVACY AI SENSI DEL REGOLAMENTO UE N. 2016\/679 La informiamo che i dati personali (nel prosieguo, i \u201cDati\u201d) da Lei forniti a SOCIETA\u2019 AGRICOLA MONTE ROSSA S.R.L., con sede in via MONTEROSSA, n. 1 &#8211; CAZZAGO SAN MARTINO (BS), C.F. 0145711017, P.Iva : 00627720980 (in seguito, \u201cTitolare\u201d), in qualit\u00e0 di TITOLARE DEL TRATTAMENTO, Read More","og_url":"https:\/\/www.cabochon1987.com\/en\/privacy-policy\/","og_site_name":"Cabochon Monte Rossa","article_publisher":"https:\/\/www.facebook.com\/Cabochon1987\/","article_modified_time":"2020-02-04T01:01:00+00:00","twitter_card":"summary_large_image","twitter_misc":{"Est. reading time":"7 minutes"},"schema":{"@context":"https:\/\/schema.org","@graph":[{"@type":"WebPage","@id":"https:\/\/www.cabochon1987.com\/en\/privacy-policy\/","url":"https:\/\/www.cabochon1987.com\/en\/privacy-policy\/","name":"Privacy Policy - Cabochon Monte Rossa","isPartOf":{"@id":"https:\/\/www.cabochon1987.com\/#website"},"datePublished":"2018-11-17T11:06:50+00:00","dateModified":"2020-02-04T01:01:00+00:00","breadcrumb":{"@id":"https:\/\/www.cabochon1987.com\/en\/privacy-policy\/#breadcrumb"},"inLanguage":"en-US","potentialAction":[{"@type":"ReadAction","target":["https:\/\/www.cabochon1987.com\/en\/privacy-policy\/"]}]},{"@type":"BreadcrumbList","@id":"https:\/\/www.cabochon1987.com\/en\/privacy-policy\/#breadcrumb","itemListElement":[{"@type":"ListItem","position":1,"name":"Home","item":"https:\/\/www.cabochon1987.com\/en\/"},{"@type":"ListItem","position":2,"name":"Privacy Policy"}]},{"@type":"WebSite","@id":"https:\/\/www.cabochon1987.com\/#website","url":"https:\/\/www.cabochon1987.com\/","name":"Cabochon Monte Rossa","description":"","publisher":{"@id":"https:\/\/www.cabochon1987.com\/#organization"},"potentialAction":[{"@type":"SearchAction","target":{"@type":"EntryPoint","urlTemplate":"https:\/\/www.cabochon1987.com\/?s={search_term_string}"},"query-input":{"@type":"PropertyValueSpecification","valueRequired":true,"valueName":"search_term_string"}}],"inLanguage":"en-US"},{"@type":"Organization","@id":"https:\/\/www.cabochon1987.com\/#organization","name":"Cabochon Franciacorta","url":"https:\/\/www.cabochon1987.com\/","logo":{"@type":"ImageObject","inLanguage":"en-US","@id":"https:\/\/www.cabochon1987.com\/#\/schema\/logo\/image\/","url":"https:\/\/www.cabochon1987.com\/wp-content\/uploads\/2019\/03\/logo-cabochon-franciacorta.png","contentUrl":"https:\/\/www.cabochon1987.com\/wp-content\/uploads\/2019\/03\/logo-cabochon-franciacorta.png","width":498,"height":228,"caption":"Cabochon Franciacorta"},"image":{"@id":"https:\/\/www.cabochon1987.com\/#\/schema\/logo\/image\/"},"sameAs":["https:\/\/www.facebook.com\/Cabochon1987\/","https:\/\/www.instagram.com\/cabochon1987\/"]}]}},"_links":{"self":[{"href":"https:\/\/www.cabochon1987.com\/en\/wp-json\/wp\/v2\/pages\/2390","targetHints":{"allow":["GET"]}}],"collection":[{"href":"https:\/\/www.cabochon1987.com\/en\/wp-json\/wp\/v2\/pages"}],"about":[{"href":"https:\/\/www.cabochon1987.com\/en\/wp-json\/wp\/v2\/types\/page"}],"author":[{"embeddable":true,"href":"https:\/\/www.cabochon1987.com\/en\/wp-json\/wp\/v2\/users\/1"}],"replies":[{"embeddable":true,"href":"https:\/\/www.cabochon1987.com\/en\/wp-json\/wp\/v2\/comments?post=2390"}],"version-history":[{"count":1,"href":"https:\/\/www.cabochon1987.com\/en\/wp-json\/wp\/v2\/pages\/2390\/revisions"}],"predecessor-version":[{"id":2391,"href":"https:\/\/www.cabochon1987.com\/en\/wp-json\/wp\/v2\/pages\/2390\/revisions\/2391"}],"wp:attachment":[{"href":"https:\/\/www.cabochon1987.com\/en\/wp-json\/wp\/v2\/media?parent=2390"}],"curies":[{"name":"wp","href":"https:\/\/api.w.org\/{rel}","templated":true}]}}